{"id":627,"date":"2022-05-10T18:29:49","date_gmt":"2022-05-10T16:29:49","guid":{"rendered":"https:\/\/zszywalnia.local:8890\/sewing-studio\/"},"modified":"2022-05-10T18:29:49","modified_gmt":"2022-05-10T16:29:49","slug":"sewing-studio","status":"publish","type":"page","link":"https:\/\/zszywalnia.pl\/en\/sewing-studio\/","title":{"rendered":"Sewing Studio"},"content":{"rendered":"","protected":false},"excerpt":{"rendered":"","protected":false},"author":1,"featured_media":0,"parent":0,"menu_order":0,"comment_status":"closed","ping_status":"closed","template":"pracownia.php","meta":{"_mi_skip_tracking":false,"_monsterinsights_sitenote_active":false,"_monsterinsights_sitenote_note":"","_monsterinsights_sitenote_category":0,"_glsr_average":0,"_glsr_ranking":0,"_glsr_reviews":0,"footnotes":""},"class_list":["post-627","page","type-page","status-publish","hentry"],"acf":[],"yoast_head":"<!-- This site is optimized with the Yoast SEO Premium plugin v22.3 (Yoast SEO v22.3) - https:\/\/yoast.com\/wordpress\/plugins\/seo\/ -->\n<title>Sewing Studio - Zszywalnia<\/title>\n<meta name=\"description\" content=\"In our sewing studio we design fashion: we construct, model and sew and teach how to do it. We draw on tradition. We are rediscovering the old.\" \/>\n<meta name=\"robots\" content=\"index, follow, max-snippet:-1, max-image-preview:large, max-video-preview:-1\" \/>\n<link rel=\"canonical\" href=\"https:\/\/zszywalnia.pl\/en\/sewing-studio\/\" \/>\n<meta property=\"og:locale\" content=\"en_US\" \/>\n<meta property=\"og:type\" content=\"article\" \/>\n<meta property=\"og:title\" content=\"Sewing Studio - Zszywalnia\" \/>\n<meta property=\"og:description\" content=\"In our sewing studio we design fashion: we construct, model and sew and teach how to do it. We draw on tradition. We are rediscovering the old.\" \/>\n<meta property=\"og:url\" content=\"https:\/\/zszywalnia.pl\/en\/sewing-studio\/\" \/>\n<meta property=\"og:site_name\" content=\"Zszywalnia\" \/>\n<meta property=\"article:publisher\" content=\"https:\/\/www.facebook.com\/zszywalnia\" \/>\n<meta name=\"twitter:card\" content=\"summary_large_image\" \/>\n<script type=\"application\/ld+json\" class=\"yoast-schema-graph\">{\"@context\":\"https:\/\/schema.org\",\"@graph\":[{\"@type\":\"WebPage\",\"@id\":\"https:\/\/zszywalnia.pl\/en\/sewing-studio\/\",\"url\":\"https:\/\/zszywalnia.pl\/en\/sewing-studio\/\",\"name\":\"Sewing Studio - Zszywalnia\",\"isPartOf\":{\"@id\":\"https:\/\/zszywalnia.pl\/#website\"},\"datePublished\":\"2022-05-10T16:29:49+00:00\",\"dateModified\":\"2022-05-10T16:29:49+00:00\",\"description\":\"In our sewing studio we design fashion: we construct, model and sew and teach how to do it. We draw on tradition. We are rediscovering the old.\",\"inLanguage\":\"en-US\",\"potentialAction\":[{\"@type\":\"ReadAction\",\"target\":[\"https:\/\/zszywalnia.pl\/en\/sewing-studio\/\"]}]},{\"@type\":\"WebSite\",\"@id\":\"https:\/\/zszywalnia.pl\/#website\",\"url\":\"https:\/\/zszywalnia.pl\/\",\"name\":\"Zszywalnia\",\"description\":\"Organizujemy kursy krawieckie i kursy szycia, kroju i modelowania konkretnych asortyment\u00f3w odzie\u017cy. Szko\u0142a szycia Zszywalnia skupia pasjonat\u00f3w szycia oraz poszerza wiedz\u0119 zwi\u0105zan\u0105 z krawiectwem. Organizowanie kurs\u00f3w szycia dla doros\u0142ych i dzieci o r\u00f3\u017cnym stopniu zaawansowania.\",\"publisher\":{\"@id\":\"https:\/\/zszywalnia.pl\/#organization\"},\"potentialAction\":[{\"@type\":\"SearchAction\",\"target\":{\"@type\":\"EntryPoint\",\"urlTemplate\":\"https:\/\/zszywalnia.pl\/?s={search_term_string}\"},\"query-input\":\"required name=search_term_string\"}],\"inLanguage\":\"en-US\"},{\"@type\":[\"Organization\",\"Place\"],\"@id\":\"https:\/\/zszywalnia.pl\/#organization\",\"name\":\"Zszywalnia\",\"url\":\"https:\/\/zszywalnia.pl\/\",\"logo\":{\"@id\":\"https:\/\/zszywalnia.pl\/en\/sewing-studio\/#local-main-organization-logo\"},\"image\":{\"@id\":\"https:\/\/zszywalnia.pl\/en\/sewing-studio\/#local-main-organization-logo\"},\"sameAs\":[\"https:\/\/www.facebook.com\/zszywalnia\"],\"openingHoursSpecification\":[{\"@type\":\"OpeningHoursSpecification\",\"dayOfWeek\":[\"Monday\",\"Tuesday\",\"Wednesday\",\"Thursday\",\"Friday\",\"Saturday\",\"Sunday\"],\"opens\":\"09:00\",\"closes\":\"17:00\"}]},{\"@type\":\"ImageObject\",\"inLanguage\":\"en-US\",\"@id\":\"https:\/\/zszywalnia.pl\/en\/sewing-studio\/#local-main-organization-logo\",\"url\":\"https:\/\/zszywalnia.pl\/wp-content\/uploads\/2022\/05\/facebook.png\",\"contentUrl\":\"https:\/\/zszywalnia.pl\/wp-content\/uploads\/2022\/05\/facebook.png\",\"width\":1201,\"height\":631,\"caption\":\"Zszywalnia\"}]}<\/script>\n<!-- \/ Yoast SEO Premium plugin. -->","yoast_head_json":{"title":"Sewing Studio - Zszywalnia","description":"In our sewing studio we design fashion: we construct, model and sew and teach how to do it. We draw on tradition. We are rediscovering the old.","robots":{"index":"index","follow":"follow","max-snippet":"max-snippet:-1","max-image-preview":"max-image-preview:large","max-video-preview":"max-video-preview:-1"},"canonical":"https:\/\/zszywalnia.pl\/en\/sewing-studio\/","og_locale":"en_US","og_type":"article","og_title":"Sewing Studio - Zszywalnia","og_description":"In our sewing studio we design fashion: we construct, model and sew and teach how to do it. We draw on tradition. We are rediscovering the old.","og_url":"https:\/\/zszywalnia.pl\/en\/sewing-studio\/","og_site_name":"Zszywalnia","article_publisher":"https:\/\/www.facebook.com\/zszywalnia","twitter_card":"summary_large_image","schema":{"@context":"https:\/\/schema.org","@graph":[{"@type":"WebPage","@id":"https:\/\/zszywalnia.pl\/en\/sewing-studio\/","url":"https:\/\/zszywalnia.pl\/en\/sewing-studio\/","name":"Sewing Studio - Zszywalnia","isPartOf":{"@id":"https:\/\/zszywalnia.pl\/#website"},"datePublished":"2022-05-10T16:29:49+00:00","dateModified":"2022-05-10T16:29:49+00:00","description":"In our sewing studio we design fashion: we construct, model and sew and teach how to do it. We draw on tradition. We are rediscovering the old.","inLanguage":"en-US","potentialAction":[{"@type":"ReadAction","target":["https:\/\/zszywalnia.pl\/en\/sewing-studio\/"]}]},{"@type":"WebSite","@id":"https:\/\/zszywalnia.pl\/#website","url":"https:\/\/zszywalnia.pl\/","name":"Zszywalnia","description":"Organizujemy kursy krawieckie i kursy szycia, kroju i modelowania konkretnych asortyment\u00f3w odzie\u017cy. Szko\u0142a szycia Zszywalnia skupia pasjonat\u00f3w szycia oraz poszerza wiedz\u0119 zwi\u0105zan\u0105 z krawiectwem. Organizowanie kurs\u00f3w szycia dla doros\u0142ych i dzieci o r\u00f3\u017cnym stopniu zaawansowania.","publisher":{"@id":"https:\/\/zszywalnia.pl\/#organization"},"potentialAction":[{"@type":"SearchAction","target":{"@type":"EntryPoint","urlTemplate":"https:\/\/zszywalnia.pl\/?s={search_term_string}"},"query-input":"required name=search_term_string"}],"inLanguage":"en-US"},{"@type":["Organization","Place"],"@id":"https:\/\/zszywalnia.pl\/#organization","name":"Zszywalnia","url":"https:\/\/zszywalnia.pl\/","logo":{"@id":"https:\/\/zszywalnia.pl\/en\/sewing-studio\/#local-main-organization-logo"},"image":{"@id":"https:\/\/zszywalnia.pl\/en\/sewing-studio\/#local-main-organization-logo"},"sameAs":["https:\/\/www.facebook.com\/zszywalnia"],"openingHoursSpecification":[{"@type":"OpeningHoursSpecification","dayOfWeek":["Monday","Tuesday","Wednesday","Thursday","Friday","Saturday","Sunday"],"opens":"09:00","closes":"17:00"}]},{"@type":"ImageObject","inLanguage":"en-US","@id":"https:\/\/zszywalnia.pl\/en\/sewing-studio\/#local-main-organization-logo","url":"https:\/\/zszywalnia.pl\/wp-content\/uploads\/2022\/05\/facebook.png","contentUrl":"https:\/\/zszywalnia.pl\/wp-content\/uploads\/2022\/05\/facebook.png","width":1201,"height":631,"caption":"Zszywalnia"}]}},"_links":{"self":[{"href":"https:\/\/zszywalnia.pl\/en\/wp-json\/wp\/v2\/pages\/627","targetHints":{"allow":["GET"]}}],"collection":[{"href":"https:\/\/zszywalnia.pl\/en\/wp-json\/wp\/v2\/pages"}],"about":[{"href":"https:\/\/zszywalnia.pl\/en\/wp-json\/wp\/v2\/types\/page"}],"author":[{"embeddable":true,"href":"https:\/\/zszywalnia.pl\/en\/wp-json\/wp\/v2\/users\/1"}],"replies":[{"embeddable":true,"href":"https:\/\/zszywalnia.pl\/en\/wp-json\/wp\/v2\/comments?post=627"}],"version-history":[{"count":0,"href":"https:\/\/zszywalnia.pl\/en\/wp-json\/wp\/v2\/pages\/627\/revisions"}],"wp:attachment":[{"href":"https:\/\/zszywalnia.pl\/en\/wp-json\/wp\/v2\/media?parent=627"}],"curies":[{"name":"wp","href":"https:\/\/api.w.org\/{rel}","templated":true}]}}