{"id":631,"date":"2022-05-10T18:29:50","date_gmt":"2022-05-10T16:29:50","guid":{"rendered":"https:\/\/zszywalnia.local:8890\/polityka-prywatnosci\/"},"modified":"2022-05-10T18:29:52","modified_gmt":"2022-05-10T16:29:52","slug":"polityka-prywatnosci","status":"publish","type":"page","link":"https:\/\/zszywalnia.pl\/en\/polityka-prywatnosci\/","title":{"rendered":"Polityka prywatno\u015bci"},"content":{"rendered":"&#13;\n<h2 class=\"wp-block-heading\">Kim jeste\u015bmy<\/h2>&#13;&#13;\n<p>Adres naszej strony internetowej to: https:\/\/zszywalnia.pl<\/p>&#13;&#13;\n<h2 class=\"wp-block-heading\">Jakie dane osobiste zbieramy i dlaczego je zbieramy<\/h2>&#13;&#13;\n<h3 class=\"wp-block-heading\">Komentarze<\/h3>&#13;&#13;\n<p>Kiedy odwiedzaj\u0105cy witryn\u0119 zostawia komentarz, zbieramy dane widoczne w formularzu komentowania, jak i adres IP odwiedzaj\u0105cego oraz podpis jego przegl\u0105darki jako pomoc przy wykrywaniu spamu.<\/p>&#13;&#13;\n<p>Zanonimizowany ci\u0105g znak\u00f3w stworzony na podstawie twojego adresu email (tak zwany hash) mo\u017ce zosta\u0107 przes\u0142any do us\u0142ugi Gravatar w celu sprawdzenia czy jej u\u017cywasz. Polityka prywatno\u015bci us\u0142ugi Gravatar jest dost\u0119pna tutaj: https:\/\/automattic.com\/privacy\/. Po zatwierdzeniu komentarza tw\u00f3j obrazek profilowy jest widoczny publicznie w kontek\u015bcie twojego komentarza.<\/p>&#13;&#13;\n<h3 class=\"wp-block-heading\">Media<\/h3>&#13;&#13;\n<p>Je\u015bli jeste\u015b zarejestrowanym u\u017cytkownikiem i wgrywasz na witryn\u0119 obrazki, powiniene\u015b unika\u0107 przesy\u0142ania obrazk\u00f3w z tagami EXIF lokalizacji. Odwiedzaj\u0105cy stron\u0119 mog\u0105 pobra\u0107 i odczyta\u0107 pe\u0142ne dane lokalizacyjne z obrazk\u00f3w w witrynie.<\/p>&#13;&#13;\n<h3 class=\"wp-block-heading\">Formularze kontaktowe<\/h3>&#13;&#13;\n<h3 class=\"wp-block-heading\">Ciasteczka<\/h3>&#13;&#13;\n<p>Je\u015bli zostawisz na naszej witrynie komentarz, b\u0119dziesz m\u00f3g\u0142 wybra\u0107 opcj\u0119 zapisu twojej nazwy, adresu email i adresu strony internetowej w ciasteczkach, dzi\u0119ki kt\u00f3rym podczas pisania kolejnych komentarzy powy\u017csze informacje b\u0119d\u0105 ju\u017c dogodnie uzupe\u0142nione. Te ciasteczka wygasaj\u0105 po roku.<\/p>&#13;&#13;\n<p>Je\u015bli odwiedzisz stron\u0119 logowania, utworzymy tymczasowe ciasteczko na potrzeby sprawdzenia czy twoja przegl\u0105darka akceptuje ciasteczka. To ciasteczko nie zawiera \u017cadnych danych osobistych i zostanie wyrzucone, kiedy zamkniesz przegl\u0105dark\u0119.<\/p>&#13;&#13;\n<p>Podczas logowania tworzymy dodatkowo kilka ciasteczek potrzebnych do zapisu twoich informacji logowania oraz wybranych opcji ekranu. Ciasteczka logowania wygasaj\u0105 po dw\u00f3ch dniach, a opcji ekranu po roku. Je\u015bli zaznaczysz opcj\u0119 \u201ePami\u0119taj mnie\u201d, logowanie wyga\u015bnie po dw\u00f3ch tygodniach. Je\u015bli wylogujesz si\u0119 ze swojego konta, ciasteczka logowania zostan\u0105 usuni\u0119te.<\/p>&#13;&#13;\n<p>Je\u015bli zmodyfikujesz albo opublikujesz artyku\u0142, w twojej przegl\u0105darce zostanie zapisane dodatkowe ciasteczko. To ciasteczko nie zawiera \u017cadnych danych osobistych, wskazuj\u0105c po prostu na identyfikator przed chwil\u0105 edytowanego artyku\u0142u. Wygasa ono po 1 dniu.<\/p>&#13;&#13;\n<h3 class=\"wp-block-heading\">Osadzone tre\u015bci z innych witryn<\/h3>&#13;&#13;\n<p>Artyku\u0142y na tej witrynie mog\u0105 zawiera\u0107 osadzone tre\u015bci (np. filmy, obrazki, artyku\u0142y itp.). Osadzone tre\u015bci z innych witryn zachowuj\u0105 si\u0119 analogicznie do tego, jakby u\u017cytkownik odwiedzi\u0142 bezpo\u015brednio konkretn\u0105 witryn\u0119.<\/p>&#13;&#13;\n<p>Witryny mog\u0105 zbiera\u0107 informacje o tobie, u\u017cywa\u0107 ciasteczek, do\u0142\u0105cza\u0107 dodatkowe, zewn\u0119trzne systemy \u015bledzenia i monitorowa\u0107 twoje interakcje z osadzonym materia\u0142em, w\u0142\u0105czaj\u0105c w to \u015bledzenie twoich interakcji z osadzonym materia\u0142em je\u015bli posiadasz konto i jeste\u015b zalogowany w tamtej witrynie.<\/p>&#13;&#13;\n<h3 class=\"wp-block-heading\">Analiza statystyk<\/h3>&#13;&#13;\n<h2 class=\"wp-block-heading\">Z kim dzielimy si\u0119 danymi<\/h2>&#13;&#13;\n<h2 class=\"wp-block-heading\">Jak d\u0142ugo przechowujemy twoje dane<\/h2>&#13;&#13;\n<p>Je\u015bli zostawisz komentarz, jego tre\u015b\u0107 i metadane b\u0119d\u0105 przechowywane przez czas nieokre\u015blony. Dzi\u0119ki temu jeste\u015bmy w stanie rozpoznawa\u0107 i zatwierdza\u0107 kolejne komentarze automatycznie, bez wysy\u0142ania ich do ka\u017cdorazowej moderacji.<\/p>&#13;&#13;\n<p>Dla u\u017cytkownik\u00f3w kt\u00f3rzy zarejestrowali si\u0119 na naszej stronie internetowej (je\u015bli tacy s\u0105), przechowujemy r\u00f3wnie\u017c informacje osobiste wprowadzone w profilu. Ka\u017cdy u\u017cytkownik mo\u017ce dokona\u0107 wgl\u0105du, korekty albo skasowa\u0107 swoje informacje osobiste w dowolnej chwili (nie licz\u0105c nazwy u\u017cytkownika, kt\u00f3rej nie mo\u017cna zmieni\u0107). Administratorzy strony r\u00f3wnie\u017c mog\u0105 przegl\u0105da\u0107 i modyfikowa\u0107 te informacje.<\/p>&#13;&#13;\n<h2 class=\"wp-block-heading\">Jakie masz prawa do swoich danych<\/h2>&#13;&#13;\n<p>Je\u015bli masz konto u\u017cytkownika albo doda\u0142e\u015b komentarze w tej witrynie, mo\u017cesz za\u017c\u0105da\u0107 dostarczenia pliku z wyeksportowanym kompletem twoich danych osobistych b\u0119d\u0105cych w naszym posiadaniu, w tym ca\u0142o\u015b\u0107 tych dostarczonych przez ciebie. Mo\u017cesz r\u00f3wnie\u017c za\u017c\u0105da\u0107 usuni\u0119cia przez nas ca\u0142o\u015bci twoich danych osobistych w naszym posiadaniu. Nie dotyczy to \u017cadnych danych kt\u00f3re jeste\u015bmy zobligowani zachowa\u0107 ze wzgl\u0119d\u00f3w administracyjnych, prawnych albo bezpiecze\u0144stwa.<\/p>&#13;&#13;\n<h2 class=\"wp-block-heading\">Gdzie przesy\u0142amy dane<\/h2>&#13;&#13;\n<p>Komentarze go\u015bci mog\u0105 by\u0107 sprawdzane za pomoc\u0105 automatycznej us\u0142ugi wykrywania spamu.<\/p>&#13;&#13;\n<h2 class=\"wp-block-heading\">Twoje dane kontaktowe<\/h2>&#13;&#13;\n<h2 class=\"wp-block-heading\">Informacje dodatkowe<\/h2>&#13;&#13;\n<h3 class=\"wp-block-heading\">Jak chronimy twoje dane?<\/h3>&#13;&#13;\n<h3 class=\"wp-block-heading\">Jakie mamy obowi\u0105zuj\u0105ce procedury w przypadku naruszenia prywatno\u015bci danych<\/h3>&#13;&#13;\n<h3 class=\"wp-block-heading\">Od jakich stron trzecich otrzymujemy dane<\/h3>&#13;&#13;\n<h3 class=\"wp-block-heading\">Jakie automatyczne podejmowanie decyzji i\/lub tworzenie profili przeprowadzamy z u\u017cyciem danych u\u017cytkownika<\/h3>&#13;&#13;\n<h3 class=\"wp-block-heading\">Bran\u017cowe wymogi regulacyjne dotycz\u0105ce ujawniania informacji<\/h3>&#13;","protected":false},"excerpt":{"rendered":"<p>&#13; Kim jeste\u015bmy &#13;&#13; Adres naszej strony internetowej to: https:\/\/zszywalnia.pl &#13;&#13; Jakie dane osobiste zbieramy i dlaczego je zbieramy &#13;&#13; Komentarze &#13;&#13; Kiedy odwiedzaj\u0105cy witryn\u0119 zostawia komentarz, zbieramy dane widoczne w formularzu komentowania, jak i adres IP odwiedzaj\u0105cego oraz podpis jego przegl\u0105darki jako pomoc przy wykrywaniu spamu. &#13;&#13; Zanonimizowany ci\u0105g znak\u00f3w stworzony na podstawie twojego [&hellip;]<\/p>\n","protected":false},"author":1,"featured_media":0,"parent":0,"menu_order":0,"comment_status":"closed","ping_status":"closed","template":"polityka.php","meta":{"_mi_skip_tracking":false,"_monsterinsights_sitenote_active":false,"_monsterinsights_sitenote_note":"","_monsterinsights_sitenote_category":0,"_glsr_average":0,"_glsr_ranking":0,"_glsr_reviews":0,"footnotes":""},"class_list":["post-631","page","type-page","status-publish","hentry"],"acf":[],"yoast_head":"<!-- This site is optimized with the Yoast SEO Premium plugin v22.3 (Yoast SEO v22.3) - https:\/\/yoast.com\/wordpress\/plugins\/seo\/ -->\n<title>Polityka prywatno\u015bci - Zszywalnia<\/title>\n<meta name=\"description\" content=\"Polityka prywatno\u015bci i plik\u00f3w cookies Krakowska Szko\u0142a Szycia \u2013 Zszywalnia\" \/>\n<meta name=\"robots\" content=\"index, follow, max-snippet:-1, max-image-preview:large, max-video-preview:-1\" \/>\n<link rel=\"canonical\" href=\"https:\/\/zszywalnia.pl\/en\/polityka-prywatnosci\/\" \/>\n<meta property=\"og:locale\" content=\"en_US\" \/>\n<meta property=\"og:type\" content=\"article\" \/>\n<meta property=\"og:title\" content=\"Polityka prywatno\u015bci - Zszywalnia\" \/>\n<meta property=\"og:description\" content=\"Polityka prywatno\u015bci i plik\u00f3w cookies Krakowska Szko\u0142a Szycia \u2013 Zszywalnia\" \/>\n<meta property=\"og:url\" content=\"https:\/\/zszywalnia.pl\/en\/polityka-prywatnosci\/\" \/>\n<meta property=\"og:site_name\" content=\"Zszywalnia\" \/>\n<meta property=\"article:publisher\" content=\"https:\/\/www.facebook.com\/zszywalnia\" \/>\n<meta property=\"article:modified_time\" content=\"2022-05-10T16:29:52+00:00\" \/>\n<meta name=\"twitter:card\" content=\"summary_large_image\" \/>\n<meta name=\"twitter:label1\" content=\"Est. reading time\" \/>\n\t<meta name=\"twitter:data1\" content=\"3 minutes\" \/>\n<script type=\"application\/ld+json\" class=\"yoast-schema-graph\">{\"@context\":\"https:\/\/schema.org\",\"@graph\":[{\"@type\":\"WebPage\",\"@id\":\"https:\/\/zszywalnia.pl\/en\/polityka-prywatnosci\/\",\"url\":\"https:\/\/zszywalnia.pl\/en\/polityka-prywatnosci\/\",\"name\":\"Polityka prywatno\u015bci - Zszywalnia\",\"isPartOf\":{\"@id\":\"https:\/\/zszywalnia.pl\/#website\"},\"datePublished\":\"2022-05-10T16:29:50+00:00\",\"dateModified\":\"2022-05-10T16:29:52+00:00\",\"description\":\"Polityka prywatno\u015bci i plik\u00f3w cookies Krakowska Szko\u0142a Szycia \u2013 Zszywalnia\",\"inLanguage\":\"en-US\",\"potentialAction\":[{\"@type\":\"ReadAction\",\"target\":[\"https:\/\/zszywalnia.pl\/en\/polityka-prywatnosci\/\"]}]},{\"@type\":\"WebSite\",\"@id\":\"https:\/\/zszywalnia.pl\/#website\",\"url\":\"https:\/\/zszywalnia.pl\/\",\"name\":\"Zszywalnia\",\"description\":\"Organizujemy kursy krawieckie i kursy szycia, kroju i modelowania konkretnych asortyment\u00f3w odzie\u017cy. Szko\u0142a szycia Zszywalnia skupia pasjonat\u00f3w szycia oraz poszerza wiedz\u0119 zwi\u0105zan\u0105 z krawiectwem. Organizowanie kurs\u00f3w szycia dla doros\u0142ych i dzieci o r\u00f3\u017cnym stopniu zaawansowania.\",\"publisher\":{\"@id\":\"https:\/\/zszywalnia.pl\/#organization\"},\"potentialAction\":[{\"@type\":\"SearchAction\",\"target\":{\"@type\":\"EntryPoint\",\"urlTemplate\":\"https:\/\/zszywalnia.pl\/?s={search_term_string}\"},\"query-input\":\"required name=search_term_string\"}],\"inLanguage\":\"en-US\"},{\"@type\":[\"Organization\",\"Place\"],\"@id\":\"https:\/\/zszywalnia.pl\/#organization\",\"name\":\"Zszywalnia\",\"url\":\"https:\/\/zszywalnia.pl\/\",\"logo\":{\"@id\":\"https:\/\/zszywalnia.pl\/en\/polityka-prywatnosci\/#local-main-organization-logo\"},\"image\":{\"@id\":\"https:\/\/zszywalnia.pl\/en\/polityka-prywatnosci\/#local-main-organization-logo\"},\"sameAs\":[\"https:\/\/www.facebook.com\/zszywalnia\"],\"openingHoursSpecification\":[{\"@type\":\"OpeningHoursSpecification\",\"dayOfWeek\":[\"Monday\",\"Tuesday\",\"Wednesday\",\"Thursday\",\"Friday\",\"Saturday\",\"Sunday\"],\"opens\":\"09:00\",\"closes\":\"17:00\"}]},{\"@type\":\"ImageObject\",\"inLanguage\":\"en-US\",\"@id\":\"https:\/\/zszywalnia.pl\/en\/polityka-prywatnosci\/#local-main-organization-logo\",\"url\":\"https:\/\/zszywalnia.pl\/wp-content\/uploads\/2022\/05\/facebook.png\",\"contentUrl\":\"https:\/\/zszywalnia.pl\/wp-content\/uploads\/2022\/05\/facebook.png\",\"width\":1201,\"height\":631,\"caption\":\"Zszywalnia\"}]}<\/script>\n<!-- \/ Yoast SEO Premium plugin. -->","yoast_head_json":{"title":"Polityka prywatno\u015bci - Zszywalnia","description":"Polityka prywatno\u015bci i plik\u00f3w cookies Krakowska Szko\u0142a Szycia \u2013 Zszywalnia","robots":{"index":"index","follow":"follow","max-snippet":"max-snippet:-1","max-image-preview":"max-image-preview:large","max-video-preview":"max-video-preview:-1"},"canonical":"https:\/\/zszywalnia.pl\/en\/polityka-prywatnosci\/","og_locale":"en_US","og_type":"article","og_title":"Polityka prywatno\u015bci - Zszywalnia","og_description":"Polityka prywatno\u015bci i plik\u00f3w cookies Krakowska Szko\u0142a Szycia \u2013 Zszywalnia","og_url":"https:\/\/zszywalnia.pl\/en\/polityka-prywatnosci\/","og_site_name":"Zszywalnia","article_publisher":"https:\/\/www.facebook.com\/zszywalnia","article_modified_time":"2022-05-10T16:29:52+00:00","twitter_card":"summary_large_image","twitter_misc":{"Est. reading time":"3 minutes"},"schema":{"@context":"https:\/\/schema.org","@graph":[{"@type":"WebPage","@id":"https:\/\/zszywalnia.pl\/en\/polityka-prywatnosci\/","url":"https:\/\/zszywalnia.pl\/en\/polityka-prywatnosci\/","name":"Polityka prywatno\u015bci - Zszywalnia","isPartOf":{"@id":"https:\/\/zszywalnia.pl\/#website"},"datePublished":"2022-05-10T16:29:50+00:00","dateModified":"2022-05-10T16:29:52+00:00","description":"Polityka prywatno\u015bci i plik\u00f3w cookies Krakowska Szko\u0142a Szycia \u2013 Zszywalnia","inLanguage":"en-US","potentialAction":[{"@type":"ReadAction","target":["https:\/\/zszywalnia.pl\/en\/polityka-prywatnosci\/"]}]},{"@type":"WebSite","@id":"https:\/\/zszywalnia.pl\/#website","url":"https:\/\/zszywalnia.pl\/","name":"Zszywalnia","description":"Organizujemy kursy krawieckie i kursy szycia, kroju i modelowania konkretnych asortyment\u00f3w odzie\u017cy. Szko\u0142a szycia Zszywalnia skupia pasjonat\u00f3w szycia oraz poszerza wiedz\u0119 zwi\u0105zan\u0105 z krawiectwem. Organizowanie kurs\u00f3w szycia dla doros\u0142ych i dzieci o r\u00f3\u017cnym stopniu zaawansowania.","publisher":{"@id":"https:\/\/zszywalnia.pl\/#organization"},"potentialAction":[{"@type":"SearchAction","target":{"@type":"EntryPoint","urlTemplate":"https:\/\/zszywalnia.pl\/?s={search_term_string}"},"query-input":"required name=search_term_string"}],"inLanguage":"en-US"},{"@type":["Organization","Place"],"@id":"https:\/\/zszywalnia.pl\/#organization","name":"Zszywalnia","url":"https:\/\/zszywalnia.pl\/","logo":{"@id":"https:\/\/zszywalnia.pl\/en\/polityka-prywatnosci\/#local-main-organization-logo"},"image":{"@id":"https:\/\/zszywalnia.pl\/en\/polityka-prywatnosci\/#local-main-organization-logo"},"sameAs":["https:\/\/www.facebook.com\/zszywalnia"],"openingHoursSpecification":[{"@type":"OpeningHoursSpecification","dayOfWeek":["Monday","Tuesday","Wednesday","Thursday","Friday","Saturday","Sunday"],"opens":"09:00","closes":"17:00"}]},{"@type":"ImageObject","inLanguage":"en-US","@id":"https:\/\/zszywalnia.pl\/en\/polityka-prywatnosci\/#local-main-organization-logo","url":"https:\/\/zszywalnia.pl\/wp-content\/uploads\/2022\/05\/facebook.png","contentUrl":"https:\/\/zszywalnia.pl\/wp-content\/uploads\/2022\/05\/facebook.png","width":1201,"height":631,"caption":"Zszywalnia"}]}},"_links":{"self":[{"href":"https:\/\/zszywalnia.pl\/en\/wp-json\/wp\/v2\/pages\/631","targetHints":{"allow":["GET"]}}],"collection":[{"href":"https:\/\/zszywalnia.pl\/en\/wp-json\/wp\/v2\/pages"}],"about":[{"href":"https:\/\/zszywalnia.pl\/en\/wp-json\/wp\/v2\/types\/page"}],"author":[{"embeddable":true,"href":"https:\/\/zszywalnia.pl\/en\/wp-json\/wp\/v2\/users\/1"}],"replies":[{"embeddable":true,"href":"https:\/\/zszywalnia.pl\/en\/wp-json\/wp\/v2\/comments?post=631"}],"version-history":[{"count":1,"href":"https:\/\/zszywalnia.pl\/en\/wp-json\/wp\/v2\/pages\/631\/revisions"}],"predecessor-version":[{"id":632,"href":"https:\/\/zszywalnia.pl\/en\/wp-json\/wp\/v2\/pages\/631\/revisions\/632"}],"wp:attachment":[{"href":"https:\/\/zszywalnia.pl\/en\/wp-json\/wp\/v2\/media?parent=631"}],"curies":[{"name":"wp","href":"https:\/\/api.w.org\/{rel}","templated":true}]}}