{"id":623,"date":"2022-05-10T18:29:48","date_gmt":"2022-05-10T16:29:48","guid":{"rendered":"https:\/\/zszywalnia.local:8890\/%d0%ba%d1%83%d1%80%d1%81%d0%b8-%d0%b4%d0%bb%d1%8f-%d0%b4%d1%96%d1%82%d0%b5%d0%b9\/"},"modified":"2023-06-16T17:20:58","modified_gmt":"2023-06-16T15:20:58","slug":"kursy-dlya-ditey","status":"publish","type":"page","link":"https:\/\/zszywalnia.pl\/uk\/kursy-dlya-ditey\/","title":{"rendered":"\u041a\u0443\u0440\u0441\u0438 \u0434\u043b\u044f \u0434\u0456\u0442\u0435\u0439"},"content":{"rendered":"","protected":false},"excerpt":{"rendered":"","protected":false},"author":1,"featured_media":0,"parent":0,"menu_order":0,"comment_status":"closed","ping_status":"closed","template":"dzieci.php","meta":{"_mi_skip_tracking":false,"_monsterinsights_sitenote_active":false,"_monsterinsights_sitenote_note":"","_monsterinsights_sitenote_category":0,"_glsr_average":0,"_glsr_ranking":0,"_glsr_reviews":0,"footnotes":""},"class_list":["post-623","page","type-page","status-publish","hentry"],"acf":[],"yoast_head":"<!-- This site is optimized with the Yoast SEO Premium plugin v22.3 (Yoast SEO v22.3) - https:\/\/yoast.com\/wordpress\/plugins\/seo\/ -->\n<title>\u041a\u0443\u0440\u0441\u0438 \u043f\u043e\u0448\u0438\u0442\u0442\u044f \u043e\u0434\u044f\u0433\u0443 \u0434\u043b\u044f \u0434\u0456\u0442\u0435\u0439<\/title>\n<meta name=\"description\" content=\"\u041a\u0443\u0440\u0441\u0438 \u043f\u043e\u0448\u0438\u0442\u0442\u044f \u0434\u043b\u044f \u043c\u0430\u043b\u044e\u043a\u0456\u0432. \u041d\u0435\u0432\u0435\u043b\u0438\u043a\u0430 \u043a\u0440\u0430\u0432\u0435\u0446\u044c\u043a\u0430 \u043c\u0430\u0439\u0441\u0442\u0435\u0440\u043d\u044f - \u0446\u0435 \u0440\u043e\u0437\u0432\u0438\u0442\u043e\u043a \u0440\u0443\u0447\u043d\u0438\u0445 \u043d\u0430\u0432\u0438\u0447\u043e\u043a \u0442\u0430 \u0443\u044f\u0432\u0438 \u0432\u0430\u0448\u043e\u0457 \u0434\u0438\u0442\u0438\u043d\u0438.\" \/>\n<meta name=\"robots\" content=\"index, follow, max-snippet:-1, max-image-preview:large, max-video-preview:-1\" \/>\n<link rel=\"canonical\" href=\"https:\/\/zszywalnia.pl\/uk\/kursy-dlya-ditey\/\" \/>\n<meta property=\"og:locale\" content=\"uk_UA\" \/>\n<meta property=\"og:type\" content=\"article\" \/>\n<meta property=\"og:title\" content=\"\u041a\u0443\u0440\u0441\u0438 \u043f\u043e\u0448\u0438\u0442\u0442\u044f \u043e\u0434\u044f\u0433\u0443 \u0434\u043b\u044f \u0434\u0456\u0442\u0435\u0439\" \/>\n<meta property=\"og:description\" content=\"\u041a\u0443\u0440\u0441\u0438 \u043f\u043e\u0448\u0438\u0442\u0442\u044f \u0434\u043b\u044f \u043c\u0430\u043b\u044e\u043a\u0456\u0432. \u041d\u0435\u0432\u0435\u043b\u0438\u043a\u0430 \u043a\u0440\u0430\u0432\u0435\u0446\u044c\u043a\u0430 \u043c\u0430\u0439\u0441\u0442\u0435\u0440\u043d\u044f - \u0446\u0435 \u0440\u043e\u0437\u0432\u0438\u0442\u043e\u043a \u0440\u0443\u0447\u043d\u0438\u0445 \u043d\u0430\u0432\u0438\u0447\u043e\u043a \u0442\u0430 \u0443\u044f\u0432\u0438 \u0432\u0430\u0448\u043e\u0457 \u0434\u0438\u0442\u0438\u043d\u0438.\" \/>\n<meta property=\"og:url\" content=\"https:\/\/zszywalnia.pl\/uk\/kursy-dlya-ditey\/\" \/>\n<meta property=\"og:site_name\" content=\"Zszywalnia\" \/>\n<meta property=\"article:publisher\" content=\"https:\/\/www.facebook.com\/zszywalnia\" \/>\n<meta property=\"article:modified_time\" content=\"2023-06-16T15:20:58+00:00\" \/>\n<meta name=\"twitter:card\" content=\"summary_large_image\" \/>\n<script type=\"application\/ld+json\" class=\"yoast-schema-graph\">{\"@context\":\"https:\/\/schema.org\",\"@graph\":[{\"@type\":\"WebPage\",\"@id\":\"https:\/\/zszywalnia.pl\/uk\/kursy-dlya-ditey\/\",\"url\":\"https:\/\/zszywalnia.pl\/uk\/kursy-dlya-ditey\/\",\"name\":\"\u041a\u0443\u0440\u0441\u0438 \u043f\u043e\u0448\u0438\u0442\u0442\u044f \u043e\u0434\u044f\u0433\u0443 \u0434\u043b\u044f \u0434\u0456\u0442\u0435\u0439\",\"isPartOf\":{\"@id\":\"https:\/\/zszywalnia.pl\/#website\"},\"datePublished\":\"2022-05-10T16:29:48+00:00\",\"dateModified\":\"2023-06-16T15:20:58+00:00\",\"description\":\"\u041a\u0443\u0440\u0441\u0438 \u043f\u043e\u0448\u0438\u0442\u0442\u044f \u0434\u043b\u044f \u043c\u0430\u043b\u044e\u043a\u0456\u0432. \u041d\u0435\u0432\u0435\u043b\u0438\u043a\u0430 \u043a\u0440\u0430\u0432\u0435\u0446\u044c\u043a\u0430 \u043c\u0430\u0439\u0441\u0442\u0435\u0440\u043d\u044f - \u0446\u0435 \u0440\u043e\u0437\u0432\u0438\u0442\u043e\u043a \u0440\u0443\u0447\u043d\u0438\u0445 \u043d\u0430\u0432\u0438\u0447\u043e\u043a \u0442\u0430 \u0443\u044f\u0432\u0438 \u0432\u0430\u0448\u043e\u0457 \u0434\u0438\u0442\u0438\u043d\u0438.\",\"inLanguage\":\"uk\",\"potentialAction\":[{\"@type\":\"ReadAction\",\"target\":[\"https:\/\/zszywalnia.pl\/uk\/kursy-dlya-ditey\/\"]}]},{\"@type\":\"WebSite\",\"@id\":\"https:\/\/zszywalnia.pl\/#website\",\"url\":\"https:\/\/zszywalnia.pl\/\",\"name\":\"Zszywalnia\",\"description\":\"Organizujemy kursy krawieckie i kursy szycia, kroju i modelowania konkretnych asortyment\u00f3w odzie\u017cy. Szko\u0142a szycia Zszywalnia skupia pasjonat\u00f3w szycia oraz poszerza wiedz\u0119 zwi\u0105zan\u0105 z krawiectwem. Organizowanie kurs\u00f3w szycia dla doros\u0142ych i dzieci o r\u00f3\u017cnym stopniu zaawansowania.\",\"publisher\":{\"@id\":\"https:\/\/zszywalnia.pl\/#organization\"},\"potentialAction\":[{\"@type\":\"SearchAction\",\"target\":{\"@type\":\"EntryPoint\",\"urlTemplate\":\"https:\/\/zszywalnia.pl\/?s={search_term_string}\"},\"query-input\":\"required name=search_term_string\"}],\"inLanguage\":\"uk\"},{\"@type\":[\"Organization\",\"Place\"],\"@id\":\"https:\/\/zszywalnia.pl\/#organization\",\"name\":\"Zszywalnia\",\"url\":\"https:\/\/zszywalnia.pl\/\",\"logo\":{\"@id\":\"https:\/\/zszywalnia.pl\/uk\/kursy-dlya-ditey\/#local-main-organization-logo\"},\"image\":{\"@id\":\"https:\/\/zszywalnia.pl\/uk\/kursy-dlya-ditey\/#local-main-organization-logo\"},\"sameAs\":[\"https:\/\/www.facebook.com\/zszywalnia\"],\"openingHoursSpecification\":[{\"@type\":\"OpeningHoursSpecification\",\"dayOfWeek\":[\"Monday\",\"Tuesday\",\"Wednesday\",\"Thursday\",\"Friday\",\"Saturday\",\"Sunday\"],\"opens\":\"09:00\",\"closes\":\"17:00\"}]},{\"@type\":\"ImageObject\",\"inLanguage\":\"uk\",\"@id\":\"https:\/\/zszywalnia.pl\/uk\/kursy-dlya-ditey\/#local-main-organization-logo\",\"url\":\"https:\/\/zszywalnia.pl\/wp-content\/uploads\/2022\/05\/facebook.png\",\"contentUrl\":\"https:\/\/zszywalnia.pl\/wp-content\/uploads\/2022\/05\/facebook.png\",\"width\":1201,\"height\":631,\"caption\":\"Zszywalnia\"}]}<\/script>\n<!-- \/ Yoast SEO Premium plugin. -->","yoast_head_json":{"title":"\u041a\u0443\u0440\u0441\u0438 \u043f\u043e\u0448\u0438\u0442\u0442\u044f \u043e\u0434\u044f\u0433\u0443 \u0434\u043b\u044f \u0434\u0456\u0442\u0435\u0439","description":"\u041a\u0443\u0440\u0441\u0438 \u043f\u043e\u0448\u0438\u0442\u0442\u044f \u0434\u043b\u044f \u043c\u0430\u043b\u044e\u043a\u0456\u0432. \u041d\u0435\u0432\u0435\u043b\u0438\u043a\u0430 \u043a\u0440\u0430\u0432\u0435\u0446\u044c\u043a\u0430 \u043c\u0430\u0439\u0441\u0442\u0435\u0440\u043d\u044f - \u0446\u0435 \u0440\u043e\u0437\u0432\u0438\u0442\u043e\u043a \u0440\u0443\u0447\u043d\u0438\u0445 \u043d\u0430\u0432\u0438\u0447\u043e\u043a \u0442\u0430 \u0443\u044f\u0432\u0438 \u0432\u0430\u0448\u043e\u0457 \u0434\u0438\u0442\u0438\u043d\u0438.","robots":{"index":"index","follow":"follow","max-snippet":"max-snippet:-1","max-image-preview":"max-image-preview:large","max-video-preview":"max-video-preview:-1"},"canonical":"https:\/\/zszywalnia.pl\/uk\/kursy-dlya-ditey\/","og_locale":"uk_UA","og_type":"article","og_title":"\u041a\u0443\u0440\u0441\u0438 \u043f\u043e\u0448\u0438\u0442\u0442\u044f \u043e\u0434\u044f\u0433\u0443 \u0434\u043b\u044f \u0434\u0456\u0442\u0435\u0439","og_description":"\u041a\u0443\u0440\u0441\u0438 \u043f\u043e\u0448\u0438\u0442\u0442\u044f \u0434\u043b\u044f \u043c\u0430\u043b\u044e\u043a\u0456\u0432. \u041d\u0435\u0432\u0435\u043b\u0438\u043a\u0430 \u043a\u0440\u0430\u0432\u0435\u0446\u044c\u043a\u0430 \u043c\u0430\u0439\u0441\u0442\u0435\u0440\u043d\u044f - \u0446\u0435 \u0440\u043e\u0437\u0432\u0438\u0442\u043e\u043a \u0440\u0443\u0447\u043d\u0438\u0445 \u043d\u0430\u0432\u0438\u0447\u043e\u043a \u0442\u0430 \u0443\u044f\u0432\u0438 \u0432\u0430\u0448\u043e\u0457 \u0434\u0438\u0442\u0438\u043d\u0438.","og_url":"https:\/\/zszywalnia.pl\/uk\/kursy-dlya-ditey\/","og_site_name":"Zszywalnia","article_publisher":"https:\/\/www.facebook.com\/zszywalnia","article_modified_time":"2023-06-16T15:20:58+00:00","twitter_card":"summary_large_image","schema":{"@context":"https:\/\/schema.org","@graph":[{"@type":"WebPage","@id":"https:\/\/zszywalnia.pl\/uk\/kursy-dlya-ditey\/","url":"https:\/\/zszywalnia.pl\/uk\/kursy-dlya-ditey\/","name":"\u041a\u0443\u0440\u0441\u0438 \u043f\u043e\u0448\u0438\u0442\u0442\u044f \u043e\u0434\u044f\u0433\u0443 \u0434\u043b\u044f \u0434\u0456\u0442\u0435\u0439","isPartOf":{"@id":"https:\/\/zszywalnia.pl\/#website"},"datePublished":"2022-05-10T16:29:48+00:00","dateModified":"2023-06-16T15:20:58+00:00","description":"\u041a\u0443\u0440\u0441\u0438 \u043f\u043e\u0448\u0438\u0442\u0442\u044f \u0434\u043b\u044f \u043c\u0430\u043b\u044e\u043a\u0456\u0432. \u041d\u0435\u0432\u0435\u043b\u0438\u043a\u0430 \u043a\u0440\u0430\u0432\u0435\u0446\u044c\u043a\u0430 \u043c\u0430\u0439\u0441\u0442\u0435\u0440\u043d\u044f - \u0446\u0435 \u0440\u043e\u0437\u0432\u0438\u0442\u043e\u043a \u0440\u0443\u0447\u043d\u0438\u0445 \u043d\u0430\u0432\u0438\u0447\u043e\u043a \u0442\u0430 \u0443\u044f\u0432\u0438 \u0432\u0430\u0448\u043e\u0457 \u0434\u0438\u0442\u0438\u043d\u0438.","inLanguage":"uk","potentialAction":[{"@type":"ReadAction","target":["https:\/\/zszywalnia.pl\/uk\/kursy-dlya-ditey\/"]}]},{"@type":"WebSite","@id":"https:\/\/zszywalnia.pl\/#website","url":"https:\/\/zszywalnia.pl\/","name":"Zszywalnia","description":"Organizujemy kursy krawieckie i kursy szycia, kroju i modelowania konkretnych asortyment\u00f3w odzie\u017cy. Szko\u0142a szycia Zszywalnia skupia pasjonat\u00f3w szycia oraz poszerza wiedz\u0119 zwi\u0105zan\u0105 z krawiectwem. Organizowanie kurs\u00f3w szycia dla doros\u0142ych i dzieci o r\u00f3\u017cnym stopniu zaawansowania.","publisher":{"@id":"https:\/\/zszywalnia.pl\/#organization"},"potentialAction":[{"@type":"SearchAction","target":{"@type":"EntryPoint","urlTemplate":"https:\/\/zszywalnia.pl\/?s={search_term_string}"},"query-input":"required name=search_term_string"}],"inLanguage":"uk"},{"@type":["Organization","Place"],"@id":"https:\/\/zszywalnia.pl\/#organization","name":"Zszywalnia","url":"https:\/\/zszywalnia.pl\/","logo":{"@id":"https:\/\/zszywalnia.pl\/uk\/kursy-dlya-ditey\/#local-main-organization-logo"},"image":{"@id":"https:\/\/zszywalnia.pl\/uk\/kursy-dlya-ditey\/#local-main-organization-logo"},"sameAs":["https:\/\/www.facebook.com\/zszywalnia"],"openingHoursSpecification":[{"@type":"OpeningHoursSpecification","dayOfWeek":["Monday","Tuesday","Wednesday","Thursday","Friday","Saturday","Sunday"],"opens":"09:00","closes":"17:00"}]},{"@type":"ImageObject","inLanguage":"uk","@id":"https:\/\/zszywalnia.pl\/uk\/kursy-dlya-ditey\/#local-main-organization-logo","url":"https:\/\/zszywalnia.pl\/wp-content\/uploads\/2022\/05\/facebook.png","contentUrl":"https:\/\/zszywalnia.pl\/wp-content\/uploads\/2022\/05\/facebook.png","width":1201,"height":631,"caption":"Zszywalnia"}]}},"_links":{"self":[{"href":"https:\/\/zszywalnia.pl\/uk\/wp-json\/wp\/v2\/pages\/623","targetHints":{"allow":["GET"]}}],"collection":[{"href":"https:\/\/zszywalnia.pl\/uk\/wp-json\/wp\/v2\/pages"}],"about":[{"href":"https:\/\/zszywalnia.pl\/uk\/wp-json\/wp\/v2\/types\/page"}],"author":[{"embeddable":true,"href":"https:\/\/zszywalnia.pl\/uk\/wp-json\/wp\/v2\/users\/1"}],"replies":[{"embeddable":true,"href":"https:\/\/zszywalnia.pl\/uk\/wp-json\/wp\/v2\/comments?post=623"}],"version-history":[{"count":3,"href":"https:\/\/zszywalnia.pl\/uk\/wp-json\/wp\/v2\/pages\/623\/revisions"}],"predecessor-version":[{"id":1004,"href":"https:\/\/zszywalnia.pl\/uk\/wp-json\/wp\/v2\/pages\/623\/revisions\/1004"}],"wp:attachment":[{"href":"https:\/\/zszywalnia.pl\/uk\/wp-json\/wp\/v2\/media?parent=623"}],"curies":[{"name":"wp","href":"https:\/\/api.w.org\/{rel}","templated":true}]}}