{"id":630,"date":"2022-05-10T18:29:50","date_gmt":"2022-05-10T16:29:50","guid":{"rendered":"https:\/\/zszywalnia.local:8890\/%d0%ba%d0%be%d0%bd%d1%82%d0%b0%d0%ba%d1%82\/"},"modified":"2022-05-10T23:59:31","modified_gmt":"2022-05-10T21:59:31","slug":"kontakt","status":"publish","type":"page","link":"https:\/\/zszywalnia.pl\/uk\/kontakt\/","title":{"rendered":"\u041a\u043e\u043d\u0442\u0430\u043a\u0442"},"content":{"rendered":"","protected":false},"excerpt":{"rendered":"","protected":false},"author":1,"featured_media":0,"parent":0,"menu_order":0,"comment_status":"closed","ping_status":"closed","template":"kontakt.php","meta":{"_mi_skip_tracking":false,"_monsterinsights_sitenote_active":false,"_monsterinsights_sitenote_note":"","_monsterinsights_sitenote_category":0,"_glsr_average":0,"_glsr_ranking":0,"_glsr_reviews":0,"footnotes":""},"class_list":["post-630","page","type-page","status-publish","hentry"],"acf":[],"yoast_head":"<!-- This site is optimized with the Yoast SEO Premium plugin v22.3 (Yoast SEO v22.3) - https:\/\/yoast.com\/wordpress\/plugins\/seo\/ -->\n<title>\u041a\u043e\u043d\u0442\u0430\u043a\u0442 - Zszywalnia<\/title>\n<meta name=\"description\" content=\"\u0425\u043e\u0447\u0435\u0442\u0435 \u043f\u043e\u0433\u043e\u0432\u043e\u0440\u0438\u0442\u0438 \u043f\u0440\u043e \u0441\u0435\u043c\u0456\u043d\u0430\u0440\u0438? \u0410 \u043c\u043e\u0436\u0435, \u043f\u0440\u043e \u0435\u043a\u043e-\u0442\u043a\u0430\u043d\u0438\u043d\u0438? \u0417\u0430\u0442\u0435\u043b\u0435\u0444\u043e\u043d\u0443\u0439\u0442\u0435 \u0430\u0431\u043e \u043d\u0430\u043f\u0438\u0448\u0456\u0442\u044c \u043d\u0430\u043c. \u041c\u0438 \u0434\u043e\u0437\u0432\u043e\u043b\u044f\u0454\u043c\u043e \u043b\u0435\u0433\u043a\u043e \u0437\u0432&#039;\u044f\u0437\u0430\u0442\u0438\u0441\u044f \u0437 \u043d\u0430\u043c\u0438! Wieniawskiego 62 31-436 \u041a\u0440\u0430\u043a\u0456\u0432\" \/>\n<meta name=\"robots\" content=\"index, follow, max-snippet:-1, max-image-preview:large, max-video-preview:-1\" \/>\n<link rel=\"canonical\" href=\"https:\/\/zszywalnia.pl\/uk\/kontakt\/\" \/>\n<meta property=\"og:locale\" content=\"uk_UA\" \/>\n<meta property=\"og:type\" content=\"article\" \/>\n<meta property=\"og:title\" content=\"\u041a\u043e\u043d\u0442\u0430\u043a\u0442 - Zszywalnia\" \/>\n<meta property=\"og:description\" content=\"\u0425\u043e\u0447\u0435\u0442\u0435 \u043f\u043e\u0433\u043e\u0432\u043e\u0440\u0438\u0442\u0438 \u043f\u0440\u043e \u0441\u0435\u043c\u0456\u043d\u0430\u0440\u0438? \u0410 \u043c\u043e\u0436\u0435, \u043f\u0440\u043e \u0435\u043a\u043e-\u0442\u043a\u0430\u043d\u0438\u043d\u0438? \u0417\u0430\u0442\u0435\u043b\u0435\u0444\u043e\u043d\u0443\u0439\u0442\u0435 \u0430\u0431\u043e \u043d\u0430\u043f\u0438\u0448\u0456\u0442\u044c \u043d\u0430\u043c. \u041c\u0438 \u0434\u043e\u0437\u0432\u043e\u043b\u044f\u0454\u043c\u043e \u043b\u0435\u0433\u043a\u043e \u0437\u0432&#039;\u044f\u0437\u0430\u0442\u0438\u0441\u044f \u0437 \u043d\u0430\u043c\u0438! Wieniawskiego 62 31-436 \u041a\u0440\u0430\u043a\u0456\u0432\" \/>\n<meta property=\"og:url\" content=\"https:\/\/zszywalnia.pl\/uk\/kontakt\/\" \/>\n<meta property=\"og:site_name\" content=\"Zszywalnia\" \/>\n<meta property=\"article:publisher\" content=\"https:\/\/www.facebook.com\/zszywalnia\" \/>\n<meta property=\"article:modified_time\" content=\"2022-05-10T21:59:31+00:00\" \/>\n<meta name=\"twitter:card\" content=\"summary_large_image\" \/>\n<script type=\"application\/ld+json\" class=\"yoast-schema-graph\">{\"@context\":\"https:\/\/schema.org\",\"@graph\":[{\"@type\":\"WebPage\",\"@id\":\"https:\/\/zszywalnia.pl\/uk\/kontakt\/\",\"url\":\"https:\/\/zszywalnia.pl\/uk\/kontakt\/\",\"name\":\"\u041a\u043e\u043d\u0442\u0430\u043a\u0442 - Zszywalnia\",\"isPartOf\":{\"@id\":\"https:\/\/zszywalnia.pl\/#website\"},\"datePublished\":\"2022-05-10T16:29:50+00:00\",\"dateModified\":\"2022-05-10T21:59:31+00:00\",\"description\":\"\u0425\u043e\u0447\u0435\u0442\u0435 \u043f\u043e\u0433\u043e\u0432\u043e\u0440\u0438\u0442\u0438 \u043f\u0440\u043e \u0441\u0435\u043c\u0456\u043d\u0430\u0440\u0438? \u0410 \u043c\u043e\u0436\u0435, \u043f\u0440\u043e \u0435\u043a\u043e-\u0442\u043a\u0430\u043d\u0438\u043d\u0438? \u0417\u0430\u0442\u0435\u043b\u0435\u0444\u043e\u043d\u0443\u0439\u0442\u0435 \u0430\u0431\u043e \u043d\u0430\u043f\u0438\u0448\u0456\u0442\u044c \u043d\u0430\u043c. \u041c\u0438 \u0434\u043e\u0437\u0432\u043e\u043b\u044f\u0454\u043c\u043e \u043b\u0435\u0433\u043a\u043e \u0437\u0432'\u044f\u0437\u0430\u0442\u0438\u0441\u044f \u0437 \u043d\u0430\u043c\u0438! Wieniawskiego 62 31-436 \u041a\u0440\u0430\u043a\u0456\u0432\",\"inLanguage\":\"uk\",\"potentialAction\":[{\"@type\":\"ReadAction\",\"target\":[\"https:\/\/zszywalnia.pl\/uk\/kontakt\/\"]}]},{\"@type\":\"WebSite\",\"@id\":\"https:\/\/zszywalnia.pl\/#website\",\"url\":\"https:\/\/zszywalnia.pl\/\",\"name\":\"Zszywalnia\",\"description\":\"Organizujemy kursy krawieckie i kursy szycia, kroju i modelowania konkretnych asortyment\u00f3w odzie\u017cy. Szko\u0142a szycia Zszywalnia skupia pasjonat\u00f3w szycia oraz poszerza wiedz\u0119 zwi\u0105zan\u0105 z krawiectwem. Organizowanie kurs\u00f3w szycia dla doros\u0142ych i dzieci o r\u00f3\u017cnym stopniu zaawansowania.\",\"publisher\":{\"@id\":\"https:\/\/zszywalnia.pl\/#organization\"},\"potentialAction\":[{\"@type\":\"SearchAction\",\"target\":{\"@type\":\"EntryPoint\",\"urlTemplate\":\"https:\/\/zszywalnia.pl\/?s={search_term_string}\"},\"query-input\":\"required name=search_term_string\"}],\"inLanguage\":\"uk\"},{\"@type\":[\"Organization\",\"Place\"],\"@id\":\"https:\/\/zszywalnia.pl\/#organization\",\"name\":\"Zszywalnia\",\"url\":\"https:\/\/zszywalnia.pl\/\",\"logo\":{\"@id\":\"https:\/\/zszywalnia.pl\/uk\/kontakt\/#local-main-organization-logo\"},\"image\":{\"@id\":\"https:\/\/zszywalnia.pl\/uk\/kontakt\/#local-main-organization-logo\"},\"sameAs\":[\"https:\/\/www.facebook.com\/zszywalnia\"],\"openingHoursSpecification\":[{\"@type\":\"OpeningHoursSpecification\",\"dayOfWeek\":[\"Monday\",\"Tuesday\",\"Wednesday\",\"Thursday\",\"Friday\",\"Saturday\",\"Sunday\"],\"opens\":\"09:00\",\"closes\":\"17:00\"}]},{\"@type\":\"ImageObject\",\"inLanguage\":\"uk\",\"@id\":\"https:\/\/zszywalnia.pl\/uk\/kontakt\/#local-main-organization-logo\",\"url\":\"https:\/\/zszywalnia.pl\/wp-content\/uploads\/2022\/05\/facebook.png\",\"contentUrl\":\"https:\/\/zszywalnia.pl\/wp-content\/uploads\/2022\/05\/facebook.png\",\"width\":1201,\"height\":631,\"caption\":\"Zszywalnia\"}]}<\/script>\n<!-- \/ Yoast SEO Premium plugin. -->","yoast_head_json":{"title":"\u041a\u043e\u043d\u0442\u0430\u043a\u0442 - Zszywalnia","description":"\u0425\u043e\u0447\u0435\u0442\u0435 \u043f\u043e\u0433\u043e\u0432\u043e\u0440\u0438\u0442\u0438 \u043f\u0440\u043e \u0441\u0435\u043c\u0456\u043d\u0430\u0440\u0438? \u0410 \u043c\u043e\u0436\u0435, \u043f\u0440\u043e \u0435\u043a\u043e-\u0442\u043a\u0430\u043d\u0438\u043d\u0438? \u0417\u0430\u0442\u0435\u043b\u0435\u0444\u043e\u043d\u0443\u0439\u0442\u0435 \u0430\u0431\u043e \u043d\u0430\u043f\u0438\u0448\u0456\u0442\u044c \u043d\u0430\u043c. \u041c\u0438 \u0434\u043e\u0437\u0432\u043e\u043b\u044f\u0454\u043c\u043e \u043b\u0435\u0433\u043a\u043e \u0437\u0432'\u044f\u0437\u0430\u0442\u0438\u0441\u044f \u0437 \u043d\u0430\u043c\u0438! Wieniawskiego 62 31-436 \u041a\u0440\u0430\u043a\u0456\u0432","robots":{"index":"index","follow":"follow","max-snippet":"max-snippet:-1","max-image-preview":"max-image-preview:large","max-video-preview":"max-video-preview:-1"},"canonical":"https:\/\/zszywalnia.pl\/uk\/kontakt\/","og_locale":"uk_UA","og_type":"article","og_title":"\u041a\u043e\u043d\u0442\u0430\u043a\u0442 - Zszywalnia","og_description":"\u0425\u043e\u0447\u0435\u0442\u0435 \u043f\u043e\u0433\u043e\u0432\u043e\u0440\u0438\u0442\u0438 \u043f\u0440\u043e \u0441\u0435\u043c\u0456\u043d\u0430\u0440\u0438? \u0410 \u043c\u043e\u0436\u0435, \u043f\u0440\u043e \u0435\u043a\u043e-\u0442\u043a\u0430\u043d\u0438\u043d\u0438? \u0417\u0430\u0442\u0435\u043b\u0435\u0444\u043e\u043d\u0443\u0439\u0442\u0435 \u0430\u0431\u043e \u043d\u0430\u043f\u0438\u0448\u0456\u0442\u044c \u043d\u0430\u043c. \u041c\u0438 \u0434\u043e\u0437\u0432\u043e\u043b\u044f\u0454\u043c\u043e \u043b\u0435\u0433\u043a\u043e \u0437\u0432'\u044f\u0437\u0430\u0442\u0438\u0441\u044f \u0437 \u043d\u0430\u043c\u0438! Wieniawskiego 62 31-436 \u041a\u0440\u0430\u043a\u0456\u0432","og_url":"https:\/\/zszywalnia.pl\/uk\/kontakt\/","og_site_name":"Zszywalnia","article_publisher":"https:\/\/www.facebook.com\/zszywalnia","article_modified_time":"2022-05-10T21:59:31+00:00","twitter_card":"summary_large_image","schema":{"@context":"https:\/\/schema.org","@graph":[{"@type":"WebPage","@id":"https:\/\/zszywalnia.pl\/uk\/kontakt\/","url":"https:\/\/zszywalnia.pl\/uk\/kontakt\/","name":"\u041a\u043e\u043d\u0442\u0430\u043a\u0442 - Zszywalnia","isPartOf":{"@id":"https:\/\/zszywalnia.pl\/#website"},"datePublished":"2022-05-10T16:29:50+00:00","dateModified":"2022-05-10T21:59:31+00:00","description":"\u0425\u043e\u0447\u0435\u0442\u0435 \u043f\u043e\u0433\u043e\u0432\u043e\u0440\u0438\u0442\u0438 \u043f\u0440\u043e \u0441\u0435\u043c\u0456\u043d\u0430\u0440\u0438? \u0410 \u043c\u043e\u0436\u0435, \u043f\u0440\u043e \u0435\u043a\u043e-\u0442\u043a\u0430\u043d\u0438\u043d\u0438? \u0417\u0430\u0442\u0435\u043b\u0435\u0444\u043e\u043d\u0443\u0439\u0442\u0435 \u0430\u0431\u043e \u043d\u0430\u043f\u0438\u0448\u0456\u0442\u044c \u043d\u0430\u043c. \u041c\u0438 \u0434\u043e\u0437\u0432\u043e\u043b\u044f\u0454\u043c\u043e \u043b\u0435\u0433\u043a\u043e \u0437\u0432'\u044f\u0437\u0430\u0442\u0438\u0441\u044f \u0437 \u043d\u0430\u043c\u0438! Wieniawskiego 62 31-436 \u041a\u0440\u0430\u043a\u0456\u0432","inLanguage":"uk","potentialAction":[{"@type":"ReadAction","target":["https:\/\/zszywalnia.pl\/uk\/kontakt\/"]}]},{"@type":"WebSite","@id":"https:\/\/zszywalnia.pl\/#website","url":"https:\/\/zszywalnia.pl\/","name":"Zszywalnia","description":"Organizujemy kursy krawieckie i kursy szycia, kroju i modelowania konkretnych asortyment\u00f3w odzie\u017cy. Szko\u0142a szycia Zszywalnia skupia pasjonat\u00f3w szycia oraz poszerza wiedz\u0119 zwi\u0105zan\u0105 z krawiectwem. Organizowanie kurs\u00f3w szycia dla doros\u0142ych i dzieci o r\u00f3\u017cnym stopniu zaawansowania.","publisher":{"@id":"https:\/\/zszywalnia.pl\/#organization"},"potentialAction":[{"@type":"SearchAction","target":{"@type":"EntryPoint","urlTemplate":"https:\/\/zszywalnia.pl\/?s={search_term_string}"},"query-input":"required name=search_term_string"}],"inLanguage":"uk"},{"@type":["Organization","Place"],"@id":"https:\/\/zszywalnia.pl\/#organization","name":"Zszywalnia","url":"https:\/\/zszywalnia.pl\/","logo":{"@id":"https:\/\/zszywalnia.pl\/uk\/kontakt\/#local-main-organization-logo"},"image":{"@id":"https:\/\/zszywalnia.pl\/uk\/kontakt\/#local-main-organization-logo"},"sameAs":["https:\/\/www.facebook.com\/zszywalnia"],"openingHoursSpecification":[{"@type":"OpeningHoursSpecification","dayOfWeek":["Monday","Tuesday","Wednesday","Thursday","Friday","Saturday","Sunday"],"opens":"09:00","closes":"17:00"}]},{"@type":"ImageObject","inLanguage":"uk","@id":"https:\/\/zszywalnia.pl\/uk\/kontakt\/#local-main-organization-logo","url":"https:\/\/zszywalnia.pl\/wp-content\/uploads\/2022\/05\/facebook.png","contentUrl":"https:\/\/zszywalnia.pl\/wp-content\/uploads\/2022\/05\/facebook.png","width":1201,"height":631,"caption":"Zszywalnia"}]}},"_links":{"self":[{"href":"https:\/\/zszywalnia.pl\/uk\/wp-json\/wp\/v2\/pages\/630","targetHints":{"allow":["GET"]}}],"collection":[{"href":"https:\/\/zszywalnia.pl\/uk\/wp-json\/wp\/v2\/pages"}],"about":[{"href":"https:\/\/zszywalnia.pl\/uk\/wp-json\/wp\/v2\/types\/page"}],"author":[{"embeddable":true,"href":"https:\/\/zszywalnia.pl\/uk\/wp-json\/wp\/v2\/users\/1"}],"replies":[{"embeddable":true,"href":"https:\/\/zszywalnia.pl\/uk\/wp-json\/wp\/v2\/comments?post=630"}],"version-history":[{"count":1,"href":"https:\/\/zszywalnia.pl\/uk\/wp-json\/wp\/v2\/pages\/630\/revisions"}],"predecessor-version":[{"id":703,"href":"https:\/\/zszywalnia.pl\/uk\/wp-json\/wp\/v2\/pages\/630\/revisions\/703"}],"wp:attachment":[{"href":"https:\/\/zszywalnia.pl\/uk\/wp-json\/wp\/v2\/media?parent=630"}],"curies":[{"name":"wp","href":"https:\/\/api.w.org\/{rel}","templated":true}]}}